{"id":684,"date":"2026-03-03T13:28:48","date_gmt":"2026-03-03T12:28:48","guid":{"rendered":"https:\/\/servicesummit.de\/booking\/?post_type=product&#038;p=684"},"modified":"2026-03-03T13:37:13","modified_gmt":"2026-03-03T12:37:13","slug":"bringe-deine-partner-mit-2","status":"publish","type":"product","link":"https:\/\/servicesummit.de\/booking\/shop\/bringe-deine-partner-mit-2\/","title":{"rendered":"Bringe deine Partner mit"},"content":{"rendered":"<p>Bringt eure Partner mit und pr\u00e4sentiert euch gemeinschaftlich auf eurem Stand.<\/p>\n<p>Im Unteraussteller-Paket erhaltet ihr: 2 Expo- &amp; Conference Tickets, Branding auf der R\u00fcckwand eures Standes, Auff\u00fchrung als Aussteller auf der Website und anderen Werbekan\u00e4len, sowie Zugriff auf die Teilnehmenden Liste und die Trailblazer App + Lead-Export.<\/p>\n<p>Kombiniert eure Pr\u00e4senz und erreicht gemeinsam eure Ziele!<\/p>\n","protected":false},"excerpt":{"rendered":"<p>Bringt eure Partner mit und pr\u00e4sentiert euch gemeinschaftlich auf eurem Stand. Im Unteraussteller-Paket erhaltet ihr: 2 Expo- &amp; Conference Tickets, Branding auf der R\u00fcckwand eures Standes, Auff\u00fchrung als Aussteller auf der Website und anderen Werbekan\u00e4len, sowie Zugriff auf die Teilnehmenden Liste und die Trailblazer App + Lead-Export. Kombiniert eure Pr\u00e4senz und erreicht gemeinsam eure Ziele!<\/p>\n","protected":false},"featured_media":689,"comment_status":"open","ping_status":"closed","template":"","meta":[],"product_brand":[],"product_cat":[15],"product_tag":[],"class_list":{"0":"post-684","1":"product","2":"type-product","3":"status-publish","4":"has-post-thumbnail","6":"product_cat-sales-networking","7":"entry","9":"first","10":"instock","11":"sold-individually","12":"taxable","13":"shipping-taxable","14":"purchasable","15":"product-type-simple"},"_links":{"self":[{"href":"https:\/\/servicesummit.de\/booking\/wp-json\/wp\/v2\/product\/684","targetHints":{"allow":["GET"]}}],"collection":[{"href":"https:\/\/servicesummit.de\/booking\/wp-json\/wp\/v2\/product"}],"about":[{"href":"https:\/\/servicesummit.de\/booking\/wp-json\/wp\/v2\/types\/product"}],"replies":[{"embeddable":true,"href":"https:\/\/servicesummit.de\/booking\/wp-json\/wp\/v2\/comments?post=684"}],"wp:featuredmedia":[{"embeddable":true,"href":"https:\/\/servicesummit.de\/booking\/wp-json\/wp\/v2\/media\/689"}],"wp:attachment":[{"href":"https:\/\/servicesummit.de\/booking\/wp-json\/wp\/v2\/media?parent=684"}],"wp:term":[{"taxonomy":"product_brand","embeddable":true,"href":"https:\/\/servicesummit.de\/booking\/wp-json\/wp\/v2\/product_brand?post=684"},{"taxonomy":"product_cat","embeddable":true,"href":"https:\/\/servicesummit.de\/booking\/wp-json\/wp\/v2\/product_cat?post=684"},{"taxonomy":"product_tag","embeddable":true,"href":"https:\/\/servicesummit.de\/booking\/wp-json\/wp\/v2\/product_tag?post=684"}],"curies":[{"name":"wp","href":"https:\/\/api.w.org\/{rel}","templated":true}]}}